{"id":34,"date":"2019-03-12T10:28:55","date_gmt":"2019-03-12T09:28:55","guid":{"rendered":"https:\/\/ubuabierta.fundacionubu.com\/?page_id=34"},"modified":"2022-03-10T16:17:06","modified_gmt":"2022-03-10T15:17:06","slug":"politica-de-cookies","status":"publish","type":"page","link":"https:\/\/ubuabierta.fundacionubu.com\/index.php\/politica-de-cookies\/","title":{"rendered":"Pol\u00edtica de Cookies"},"content":{"rendered":"<p>El prop\u00f3sito de esta pol\u00edtica de cookies es informarle claramente sobre las cookies utilizadas en el sitio web de <strong>FUNDACI\u00d3N GENERAL DE LA UNIVERSIDAD DE BURGOS<\/strong>, <a href=\"https:\/\/ubuabierta.fundacionubu.com\"><u>https:\/\/ubuabierta.fundacionubu.com<\/u><\/a>.<\/p>\n<h3><u>\u00bfQu\u00e9 son las cookies?<\/u><\/h3>\n<p>Una cookie es un peque\u00f1o archivo que se almacena en el ordenador, m\u00f3vil o tablet de los usuarios al acceder a determinadas p\u00e1ginas web, aplicaci\u00f3n o plataforma y que permiten a \u00e9stas reconocer a sus usuarios.<\/p>\n<p>Las cookies actualmente son esenciales para el funcionamiento de internet, aportando innumerables ventajas en la prestaci\u00f3n de servicios interactivos, facilit\u00e1ndole la navegaci\u00f3n y su usabilidad.<\/p>\n<p>Las cookies ayudan a adaptar las webs, aplicaciones o plataformas a sus necesidades personales.<\/p>\n<p>Las cookies no pueden da\u00f1ar su equipo. En cambio, el que est\u00e9n activadas pueden ayudar a identificar y resolver errores, as\u00ed como a mejorar la navegabilidad del usuario.<\/p>\n<p>Las cookies permiten, entre otras cosas, almacenar y recuperar informaci\u00f3n sobre las preferencias de navegaci\u00f3n de un usuario o de su equipo.<\/p>\n<p>Este sitio web, aplicaci\u00f3n o plataforma utiliza cookies y\/o tecnolog\u00edas similares que almacenan y recuperan informaci\u00f3n cuando navegas. En general, estas tecnolog\u00edas pueden servir para finalidades muy diversas, como, por ejemplo, reconocerte como usuario, obtener informaci\u00f3n sobre tus h\u00e1bitos de navegaci\u00f3n, o personalizar la forma en que se muestra el contenido.<\/p>\n<h3><u>Tipos de cookies<\/u><\/h3>\n<p>Dependiendo de qui\u00e9n administre el dominio desde el que se env\u00edan las cookies y se procesan los datos, se hace una distinci\u00f3n entre sus propias cookies y las externas.<\/p>\n<p>Las cookies tambi\u00e9n se pueden clasificar seg\u00fan la duraci\u00f3n de su almacenamiento en el navegador del usuario, donde se distingue entre cookies de sesi\u00f3n y cookies persistentes.<\/p>\n<p>Por \u00faltimo, en funci\u00f3n de la finalidad para la que se procesa la informaci\u00f3n recogida, las cookies pueden dividirse en las siguientes categor\u00edas:<\/p>\n<ul>\n<li>Cookies t\u00e9cnicas: permiten al usuario navegar por un sitio web y utilizar algunos de los servicios ofrecidos por el mismo (como, por ejemplo, las que sirven para recordar los elementos integrantes de un carrito de compra).<\/li>\n<li>Cookies de personalizaci\u00f3n: permiten que el usuario acceda al sitio web con unas caracter\u00edsticas determinadas, como puede ser el idioma.<\/li>\n<li>Cookies de seguridad: sirven para impedir o dificultar los ataques contra el sitio web.<\/li>\n<li>Cookies de complemento para intercambiar contenidos sociales: los llamados plug-in, que permiten compartir contenidos en redes sociales.<\/li>\n<li>Cookies de an\u00e1lisis: permiten al responsable el seguimiento del comportamiento del usuario.<\/li>\n<li>Cookies publicitarias: permiten gestionar los espacios de publicidad del sitio web.<\/li>\n<li>Cookies de publicidad conductual: al igual que las anteriores, se utilizan para gestionar el espacio publicitario del sitio en funci\u00f3n de la informaci\u00f3n recogida sobre el comportamiento y los h\u00e1bitos del usuario, y para adaptar la publicidad al perfil del usuario.<\/li>\n<li>Cookies de geolocalizaci\u00f3n: se utilizan para conocer el pa\u00eds donde se encuentra el usuario.<\/li>\n<\/ul>\n<h3><u>\u00bfQu\u00e9 cookies utilizamos?<\/u><\/h3>\n<p>En el portal web se utilizan diferentes tipos de cookies con distintas finalidades; a continuaci\u00f3n, se enumeran las cookies empleadas:<\/p>\n<table width=\"662\">\n<thead>\n<tr>\n<td width=\"85\"><strong>Cookie<\/strong><\/td>\n<td width=\"180\"><strong>Dominio<\/strong><\/td>\n<td width=\"95\"><strong>Script<\/strong><\/td>\n<td width=\"227\"><strong>Descripci\u00f3n<\/strong><\/td>\n<td width=\"76\"><strong>Duraci\u00f3n<\/strong><\/td>\n<\/tr>\n<\/thead>\n<tbody>\n<tr>\n<td width=\"85\">PHPSESSID<\/td>\n<td width=\"180\">ubuabierta.fundacionubu.com<\/td>\n<td width=\"95\">Necesario<\/td>\n<td width=\"227\">Esta cookie es nativa de las aplicaciones PHP.\u00a0La cookie se utiliza para almacenar e identificar la ID de sesi\u00f3n \u00fanica de un usuario con el fin de administrar la sesi\u00f3n del usuario en el sitio web.\u00a0La cookie es una cookie de sesi\u00f3n y se elimina cuando se cierran todas las ventanas del navegador.<\/td>\n<td width=\"76\">sesi\u00f3n<\/td>\n<\/tr>\n<tr>\n<td width=\"85\">ga_<\/td>\n<td width=\"180\">fundacionubu.com<\/td>\n<td width=\"95\">Necesario<\/td>\n<td width=\"227\">Esta Cookie se utiliza para el funcionamiento de Google Analytics.<\/td>\n<td width=\"76\">sesi\u00f3n<\/td>\n<\/tr>\n<tr>\n<td width=\"85\">_ga_S1HGRJ60FK<\/td>\n<td width=\"180\">fundacionubu.com<\/td>\n<td width=\"95\">Necesario<\/td>\n<td width=\"227\">Esta Cookie se utiliza para el funcionamiento de Google Analytics<\/td>\n<td width=\"76\">sesi\u00f3n<\/td>\n<\/tr>\n<\/tbody>\n<\/table>\n<h3><u>Uso de las cookies<\/u><\/h3>\n<ul>\n<li>Utilizamos <strong>cookies t\u00e9cnicas <\/strong>que son estrictamente necesarias para que el usuario acceda y navegue en <u>fundacionubu.com<\/u>. Son aquellas que permiten al usuario la navegaci\u00f3n a trav\u00e9s de una p\u00e1gina web, plataforma o aplicaci\u00f3n y la utilizaci\u00f3n de las diferentes opciones o servicios que en ella existan, incluyendo aquellas que se utilizan para permitir la gesti\u00f3n y operativa de la p\u00e1gina web y habilitar sus funciones y servicios, como, por ejemplo, controlar el tr\u00e1fico y la comunicaci\u00f3n de datos identificar la sesi\u00f3n, acceder a partes de acceso restringido, recordar los elementos que integran un pedido, realizar el proceso de compra de un pedido, gestionar el pago, controlar el fraude vinculado a la seguridad del servicio, realizar la solicitud de inscripci\u00f3n o participaci\u00f3n en un evento, contar visitas a efectos de la facturaci\u00f3n de licencias del software con el que funciona el servicio (sitio web, plataforma o aplicaci\u00f3n), utilizar elementos de seguridad durante la navegaci\u00f3n, almacenar contenidos para la difusi\u00f3n de v\u00eddeos o sonido, habilitar contenidos din\u00e1micos (por ejemplo, animaci\u00f3n de carga de un texto o imagen) o compartir contenidos a trav\u00e9s de redes sociales.Tambi\u00e9n pertenecen a esta categor\u00eda, por su naturaleza t\u00e9cnica, aquellas cookies que permiten la gesti\u00f3n, de la forma m\u00e1s eficaz posible, de los espacios publicitarios que, como un elemento m\u00e1s de dise\u00f1o o \u201cmaquetaci\u00f3n\u201d del servicio ofrecido al usuario, el editor haya incluido en una p\u00e1gina web, aplicaci\u00f3n o plataforma en base a criterios como el contenido editado, sin que se recopile informaci\u00f3n de los usuarios con fines distintos, como puede ser personalizar ese contenido publicitario u otros contenidos. Estas cookies no requieren el consentimiento informado del usuario.<\/li>\n<\/ul>\n<ul>\n<li>Utilizamos <strong>cookies de preferencias o personalizaci\u00f3n<\/strong> que son aquellas que, tratadas por nosotros o por terceros, nos permiten recordar informaci\u00f3n para que el usuario acceda al servicio con determinadas caracter\u00edsticas que pueden diferenciar su experiencia de la de otros usuarios. Por ejemplo, el idioma, el n\u00famero de resultados a mostrar cuando el usuario realiza una b\u00fasqueda, el aspecto o contenido del servicio en funci\u00f3n del tipo de navegador a trav\u00e9s del cual el usuario accede al servicio o de la regi\u00f3n desde la que accede al servicio, etc.Estas cookies pueden requerir el consentimiento informado del usuario si es el propio usuario quien elige esas caracter\u00edsticas (por ejemplo, si selecciona el idioma de un sitio web clicando en el icono de la bandera del pa\u00eds correspondiente).<\/li>\n<\/ul>\n<ul>\n<li>Utilizamos <strong>cookies de an\u00e1lisis o medici\u00f3n<\/strong> que son aquellas que, tratadas por nosotros o por terceros, nos permiten el seguimiento y an\u00e1lisis del comportamiento de los usuarios de los sitios web a los que est\u00e1n vinculadas, incluida la cuantificaci\u00f3n de los impactos de los anuncios. La informaci\u00f3n recogida mediante este tipo de cookies se utiliza en la medici\u00f3n de la actividad de los sitios web, aplicaci\u00f3n o plataforma, con el fin de introducir mejoras en los productos o servicios ofertados en funci\u00f3n del an\u00e1lisis de los datos de uso que hacen los usuarios del servicio.Estas cookies requieren el consentimiento informado del usuario.<\/li>\n<\/ul>\n<ul>\n<li>Utilizamos <strong>cookies de publicidad comportamental <\/strong>que son aquellas que, tratadas por nosotros o por terceros, almacenan informaci\u00f3n del comportamiento de los usuarios obtenida a trav\u00e9s de la observaci\u00f3n continuada de sus h\u00e1bitos de navegaci\u00f3n, lo que permite desarrollar un perfil espec\u00edfico de navegaci\u00f3n de los usuarios para mostrarles publicidad en funci\u00f3n del mismo. Estas cookies requieren el consentimiento informado del usuario.<\/li>\n<\/ul>\n<h3><u>Tiempo de conservaci\u00f3n de las cookies<\/u><\/h3>\n<ul>\n<li>Utilizamos <strong>cookies de sesi\u00f3n<\/strong> que son cookies dise\u00f1adas para recabar y almacenar datos mientras el usuario accede a una p\u00e1gina web. Se suelen emplear para almacenar informaci\u00f3n que solo interesa conservar para la prestaci\u00f3n del servicio solicitado por el usuario en una sola ocasi\u00f3n (por ejemplo, una lista de productos adquiridos) y desaparecen al terminar la sesi\u00f3n.<\/li>\n<li>Utilizamos <strong>cookies persistentes <\/strong>que son aquellas en las que los datos siguen almacenados en el terminal y pueden ser accedidos y tratados durante un periodo definido por el responsable de la cookie, y que puede ir de unos minutos a varios a\u00f1os.<\/li>\n<\/ul>\n<p>Este tipo de informaci\u00f3n obtenida a trav\u00e9s de las cookies no ser\u00e1 comunicado a terceros, ni utilizado para comunicaciones no solicitadas.<\/p>\n<h3><u>\u00bfC\u00f3mo puedo deshabilitar las cookies en los principales navegadores?<\/u><\/h3>\n<p>Normalmente es posible dejar de aceptar las cookies del navegador, o dejar de aceptar las cookies de un servicio en particular.<\/p>\n<p>Todos los navegadores modernos permiten\u00a0<strong>cambiar la configuraci\u00f3n de cookies<\/strong>.<\/p>\n<p>Estos ajustes normalmente se encuentran en las \u2018opciones\u2019 o \u2018Preferencias\u2019 del men\u00fa de su navegador.<\/p>\n<p>Aunque puede variar ligeramente de una versi\u00f3n de navegador a otra, la configuraci\u00f3n de la pol\u00edtica de cookies para los navegadores m\u00e1s utilizados es la siguiente:<\/p>\n<ul>\n<li><strong>Internet Explorer:<\/strong> Herramientas -&gt; Opciones de Internet -&gt; Privacidad -&gt; Configuraci\u00f3n.<\/li>\n<li><strong>Firefox:<\/strong> Preferencias -&gt; Privacidad y Seguridad<\/li>\n<li><strong>Chrome:<\/strong> Preferencias -&gt; Configuraci\u00f3n -&gt; Mostrar opciones avanzadas -&gt; Privacidad y Seguridad<\/li>\n<li><strong>Safari:<\/strong> Preferencias -&gt; Privacidad.<\/li>\n<li><strong>Opera:<\/strong> Configuraci\u00f3n -&gt; Privacidad y seguridad.<\/li>\n<\/ul>\n<p>Para m\u00e1s informaci\u00f3n, puede consultar el soporte o la ayuda de su navegador o a trav\u00e9s de los siguientes enlaces: <a href=\"https:\/\/support.apple.com\/kb\/ph17191?locale=es_ES\">Safari<\/a>, <a href=\"https:\/\/support.google.com\/chrome\/answer\/95647?hl=es\">Chrome<\/a>, <a href=\"https:\/\/support.mozilla.org\/es\/kb\/habilitar-y-deshabilitar-cookies-sitios-web-rastrear-preferencias?redirectlocale=es&amp;redirectslug=habilitar-y-deshabilitar-cookies-que-los-sitios-we\">Firefox<\/a>, <a href=\"https:\/\/support.microsoft.com\/es-es\/help\/17442\/windows-internet-explorer-delete-manage-cookies\">Explorer<\/a>, <a href=\"https:\/\/www.opera.com\/help\/tutorials\/security\/privacy\/\">Opera<\/a>.<\/p>\n<p>Muchos navegadores permiten activar un modo privado mediante el cual las cookies se borran siempre despu\u00e9s de su visita. Dependiendo de cada navegador este modo privado, puede tener diferentes nombres. A continuaci\u00f3n, encontrar\u00e1 una lista de los navegadores m\u00e1s comunes y los diferentes nombres de este \u201cmodo privado\u201d:<\/p>\n<ul>\n<li>Internet Explorer 8 y superior \u2013 Navegaci\u00f3n Privada<\/li>\n<li>Safari 2 y superior \u2013 Navegaci\u00f3n Privada<\/li>\n<li>Opera 10.5 y superior \u2013 Navegaci\u00f3n Privada<\/li>\n<li>FireFox 3.5 y superior \u2013 Navegaci\u00f3n Privada<\/li>\n<li>Google Chrome 10 y superior \u2013 Inc\u00f3gnito<\/li>\n<\/ul>\n<h3><u>\u00bfC\u00f3mo puedo deshabilitar las cookies de terceros?<\/u><\/h3>\n<p>Tenga en cuenta que, si acepta las cookies de terceros, deber\u00e1 eliminarlas desde las opciones del navegador o desde el sistema ofrecido por el propio tercero.<\/p>\n<p>Si se desea conocer las condiciones de privacidad y uso de cookies de terceros, puede acceder las pol\u00edticas de cookies de:<\/p>\n<ul>\n<li>Facebook: <a href=\"https:\/\/es-es.facebook.com\/help\/cookies\">https:\/\/es-es.facebook.com\/help\/cookies<\/a><\/li>\n<li>Twitter: <a href=\"https:\/\/twitter.com\/privacy\">https:\/\/twitter.com\/privacy<\/a><\/li>\n<li>Youtube: <a href=\"https:\/\/www.google.es\/intl\/es\/policies\/technologies\/cookies\/\u00a0\">https:\/\/www.google.es\/intl\/es\/policies\/technologies\/cookies\/\u00a0<\/a><\/li>\n<li>Linkedin: <a href=\"https:\/\/www.linkedin.com\/psettings\/guest-controls\/retargeting-opt-out?trk=microsites-frontend_legal_cookie-policy\">https:\/\/www.linkedin.com\/psettings\/guest-controls\/retargeting-opt-out?trk=microsites-frontend_legal_cookie-policy<\/a><\/li>\n<li>Google: <a href=\"https:\/\/www.google.es\/intl\/es\/policies\/technologies\/cookies\/\">https:\/\/www.google.es\/intl\/es\/policies\/technologies\/cookies\/<\/a><\/li>\n<\/ul>\n<h3><u>\u00bfQu\u00e9 ocurre si no acepto las cookies de la web?<\/u><\/h3>\n<p>En caso de que el usuario no permita la instalaci\u00f3n de cookies en su navegador, es posible que no pueda acceder a alguna de las secciones de nuestro sitio web.<\/p>\n<h3><u>\u00bf<\/u><u>Se realizan transferencias internacionales de mis datos<\/u><u>?<\/u><\/h3>\n<p>En caso de que el usuario no permita la instalaci\u00f3n de cookies en su navegador, es posible que no pueda acceder a alguna de las secciones de nuestro sitio web.<\/p>\n<p>Seg\u00fan los art\u00edculos 44 y siguientes del Reglamento Europeo de Protecci\u00f3n de Datos (RGPD) ser\u00e1n leg\u00edtimas las transferencias basadas en una decisi\u00f3n de adecuaci\u00f3n de la Comisi\u00f3n Europea o en caso de existan garant\u00edas adecuadas mediante un instrumento jur\u00eddicamente vinculante y exigible entre autoridades y organismos p\u00fablicos, o mediante normas corporativas vinculantes, o cl\u00e1usulas tipo adoptadas o aprobadas por la Comisi\u00f3n, o mediante c\u00f3digos de conducta o mecanismos de certificaci\u00f3n. En caso contrario, ser\u00e1 necesaria la autorizaci\u00f3n de la Autoridad de Control competente o, en su defecto, el consentimiento expl\u00edcito del interesado u otro de los supuestos recogidos en el art. 49 RGPD.<\/p>\n<p><a href=\"https:\/\/ubuabierta.fundacionubu.com\"><u>https:\/\/ubuabierta.fundacionubu.com<\/u><\/a> no realiza transferencias internacionales de sus datos<strong>.<\/strong><\/p>\n<p>En cuanto a las cookies de terceros, puedes informarte de las transferencias a terceros pa\u00edses que, en su caso, realizan los terceros identificados en esta pol\u00edtica de cookies en sus correspondientes pol\u00edticas (ver los enlaces facilitados anteriormente).<\/p>\n<h3><u>\u00bf<\/u><u>Se elabora un perfil de mi navegaci\u00f3n y se toman decisiones automatizadas que puedan afectarme jur\u00eddica o significativamente?<\/u><\/h3>\n<p><a href=\"https:\/\/ubuabierta.fundacionubu.com\"><u>https:\/\/ubuabierta.fundacionubu.com<\/u><\/a> no realiza elaboraci\u00f3n de perfiles de su navegaci\u00f3n que lleven a la toma de decisiones automatizadas que puedan afectarle jur\u00eddica o significativamente.<\/p>\n<h3><u>\u00bfSe realiza un tratamiento de mis datos sensibles?<\/u><\/h3>\n<p><a href=\"https:\/\/ubuabierta.fundacionubu.com\"><u>https:\/\/ubuabierta.fundacionubu.com<\/u><\/a> no realiza tratamientos de datos sensibles.<\/p>\n<h3><u>M\u00e1s informaci\u00f3n<\/u><\/h3>\n<p>Para m\u00e1s informaci\u00f3n sobre cookies y sus derechos como usuario puede consultar la <strong>Gu\u00eda sobre el uso de cookies elaborada por la Agencia Espa\u00f1ola de Protecci\u00f3n de Datos <\/strong>(<a href=\"http:\/\/www.aepd.es\">www.aepd.es<\/a>).<\/p>\n<p>Para m\u00e1s informaci\u00f3n sobre el tratamiento de sus datos personales puede acceder a la Pol\u00edtica de Privacidad <a href=\"https:\/\/ubuabierta.fundacionubu.com\/politica-de-privacidad\/\">https:\/\/ubuabierta.fundacionubu.com\/politica-de-privacidad\/<\/a> de <strong>FUNDACI\u00d3N GENERAL DE LA UNIVERSIDAD DE BURGOS<\/strong><strong>.<\/strong><\/p>\n","protected":false},"excerpt":{"rendered":"<p>El prop\u00f3sito de esta pol\u00edtica de cookies es informarle claramente sobre las cookies utilizadas en el sitio web de FUNDACI\u00d3N GENERAL DE LA UNIVERSIDAD DE BURGOS, https:\/\/ubuabierta.fundacionubu.com. \u00bfQu\u00e9 son las cookies? Una cookie es un peque\u00f1o archivo que se almacena en el ordenador, m\u00f3vil o tablet de los usuarios al acceder a determinadas p\u00e1ginas web, [&hellip;]<\/p>\n","protected":false},"author":12091,"featured_media":0,"parent":0,"menu_order":0,"comment_status":"closed","ping_status":"closed","template":"","meta":[],"acf":[],"_links":{"self":[{"href":"https:\/\/ubuabierta.fundacionubu.com\/index.php\/wp-json\/wp\/v2\/pages\/34"}],"collection":[{"href":"https:\/\/ubuabierta.fundacionubu.com\/index.php\/wp-json\/wp\/v2\/pages"}],"about":[{"href":"https:\/\/ubuabierta.fundacionubu.com\/index.php\/wp-json\/wp\/v2\/types\/page"}],"author":[{"embeddable":true,"href":"https:\/\/ubuabierta.fundacionubu.com\/index.php\/wp-json\/wp\/v2\/users\/12091"}],"replies":[{"embeddable":true,"href":"https:\/\/ubuabierta.fundacionubu.com\/index.php\/wp-json\/wp\/v2\/comments?post=34"}],"version-history":[{"count":9,"href":"https:\/\/ubuabierta.fundacionubu.com\/index.php\/wp-json\/wp\/v2\/pages\/34\/revisions"}],"predecessor-version":[{"id":13955,"href":"https:\/\/ubuabierta.fundacionubu.com\/index.php\/wp-json\/wp\/v2\/pages\/34\/revisions\/13955"}],"wp:attachment":[{"href":"https:\/\/ubuabierta.fundacionubu.com\/index.php\/wp-json\/wp\/v2\/media?parent=34"}],"curies":[{"name":"wp","href":"https:\/\/api.w.org\/{rel}","templated":true}]}}