{"id":12024,"date":"2021-10-15T14:17:46","date_gmt":"2021-10-15T12:17:46","guid":{"rendered":"https:\/\/ubuabierta.fundacionubu.com\/?post_type=product&#038;p=12024"},"modified":"2021-10-15T14:19:28","modified_gmt":"2021-10-15T12:19:28","slug":"sap2000-introduccion-al-calculo-de-estructuras-con-elementos-finitos-iii-edicion","status":"publish","type":"product","link":"https:\/\/ubuabierta.fundacionubu.com\/index.php\/producto\/sap2000-introduccion-al-calculo-de-estructuras-con-elementos-finitos-iii-edicion\/","title":{"rendered":"SAP2000. Introducci\u00f3n al c\u00e1lculo de estructuras con elementos finitos. III edici\u00f3n"},"content":{"rendered":"<p><img loading=\"lazy\" class=\"alignnone size-medium wp-image-77\" src=\"https:\/\/ubuabierta.fundacionubu.com\/wp-content\/uploads\/2019\/03\/UBU-abierta-1-300x157.jpg\" alt=\"\" width=\"300\" height=\"157\" \/><\/p>\n","protected":false},"excerpt":{"rendered":"","protected":false},"featured_media":9010,"template":"","meta":[],"product_cat":[18],"product_tag":[],"acf":[],"_links":{"self":[{"href":"https:\/\/ubuabierta.fundacionubu.com\/index.php\/wp-json\/wp\/v2\/product\/12024"}],"collection":[{"href":"https:\/\/ubuabierta.fundacionubu.com\/index.php\/wp-json\/wp\/v2\/product"}],"about":[{"href":"https:\/\/ubuabierta.fundacionubu.com\/index.php\/wp-json\/wp\/v2\/types\/product"}],"wp:featuredmedia":[{"embeddable":true,"href":"https:\/\/ubuabierta.fundacionubu.com\/index.php\/wp-json\/wp\/v2\/media\/9010"}],"wp:attachment":[{"href":"https:\/\/ubuabierta.fundacionubu.com\/index.php\/wp-json\/wp\/v2\/media?parent=12024"}],"wp:term":[{"taxonomy":"product_cat","embeddable":true,"href":"https:\/\/ubuabierta.fundacionubu.com\/index.php\/wp-json\/wp\/v2\/product_cat?post=12024"},{"taxonomy":"product_tag","embeddable":true,"href":"https:\/\/ubuabierta.fundacionubu.com\/index.php\/wp-json\/wp\/v2\/product_tag?post=12024"}],"curies":[{"name":"wp","href":"https:\/\/api.w.org\/{rel}","templated":true}]}}