{"id":22042,"date":"2024-05-16T14:40:28","date_gmt":"2024-05-16T12:40:28","guid":{"rendered":"https:\/\/ubuabierta.fundacionubu.com\/?post_type=product&#038;p=22042"},"modified":"2025-08-21T10:07:00","modified_gmt":"2025-08-21T08:07:00","slug":"prevencion-de-las-adicciones-en-la-adolescencia-claves-de-actuacion-desde-el-contexto-educativo-ii-edicion-2","status":"publish","type":"product","link":"https:\/\/ubuabierta.fundacionubu.com\/index.php\/producto\/prevencion-de-las-adicciones-en-la-adolescencia-claves-de-actuacion-desde-el-contexto-educativo-ii-edicion-2\/","title":{"rendered":"Prevenci\u00f3n de las adicciones en la adolescencia: claves de actuaci\u00f3n desde el contexto educativo. II edici\u00f3n"},"content":{"rendered":"","protected":false},"excerpt":{"rendered":"<p><img loading=\"lazy\" class=\"alignnone size-medium wp-image-17646\" src=\"https:\/\/ubuabierta.fundacionubu.com\/wp-content\/uploads\/2023\/02\/cropped-Logo-UBUAbierta-1-300x70.jpg\" alt=\"\" width=\"300\" height=\"70\" srcset=\"https:\/\/ubuabierta.fundacionubu.com\/wp-content\/uploads\/2023\/02\/cropped-Logo-UBUAbierta-1-300x70.jpg 300w, https:\/\/ubuabierta.fundacionubu.com\/wp-content\/uploads\/2023\/02\/cropped-Logo-UBUAbierta-1-416x98.jpg 416w, https:\/\/ubuabierta.fundacionubu.com\/wp-content\/uploads\/2023\/02\/cropped-Logo-UBUAbierta-1.jpg 644w\" sizes=\"(max-width: 300px) 100vw, 300px\" \/><\/p>\n","protected":false},"featured_media":12934,"template":"","meta":[],"product_cat":[18],"product_tag":[],"acf":[],"_links":{"self":[{"href":"https:\/\/ubuabierta.fundacionubu.com\/index.php\/wp-json\/wp\/v2\/product\/22042"}],"collection":[{"href":"https:\/\/ubuabierta.fundacionubu.com\/index.php\/wp-json\/wp\/v2\/product"}],"about":[{"href":"https:\/\/ubuabierta.fundacionubu.com\/index.php\/wp-json\/wp\/v2\/types\/product"}],"wp:featuredmedia":[{"embeddable":true,"href":"https:\/\/ubuabierta.fundacionubu.com\/index.php\/wp-json\/wp\/v2\/media\/12934"}],"wp:attachment":[{"href":"https:\/\/ubuabierta.fundacionubu.com\/index.php\/wp-json\/wp\/v2\/media?parent=22042"}],"wp:term":[{"taxonomy":"product_cat","embeddable":true,"href":"https:\/\/ubuabierta.fundacionubu.com\/index.php\/wp-json\/wp\/v2\/product_cat?post=22042"},{"taxonomy":"product_tag","embeddable":true,"href":"https:\/\/ubuabierta.fundacionubu.com\/index.php\/wp-json\/wp\/v2\/product_tag?post=22042"}],"curies":[{"name":"wp","href":"https:\/\/api.w.org\/{rel}","templated":true}]}}