{"id":27230,"date":"2025-09-22T10:12:11","date_gmt":"2025-09-22T08:12:11","guid":{"rendered":"https:\/\/ubuabierta.fundacionubu.com\/?post_type=product&#038;p=27230"},"modified":"2025-09-22T10:12:45","modified_gmt":"2025-09-22T08:12:45","slug":"aplicacion-de-tecnicas-de-optimizacion-en-productos-procesos-y-recursos-empresariales-iii-edicion","status":"publish","type":"product","link":"https:\/\/ubuabierta.fundacionubu.com\/index.php\/producto\/aplicacion-de-tecnicas-de-optimizacion-en-productos-procesos-y-recursos-empresariales-iii-edicion\/","title":{"rendered":"Aplicaci\u00f3n de t\u00e9cnicas de optimizaci\u00f3n en productos, procesos y recursos empresariales. III edici\u00f3n"},"content":{"rendered":"<p><img loading=\"lazy\" class=\"alignnone size-medium wp-image-17646\" src=\"https:\/\/ubuabierta.fundacionubu.com\/wp-content\/uploads\/2023\/02\/cropped-Logo-UBUAbierta-1-300x70.jpg\" alt=\"\" width=\"300\" height=\"70\" srcset=\"https:\/\/ubuabierta.fundacionubu.com\/wp-content\/uploads\/2023\/02\/cropped-Logo-UBUAbierta-1-300x70.jpg 300w, https:\/\/ubuabierta.fundacionubu.com\/wp-content\/uploads\/2023\/02\/cropped-Logo-UBUAbierta-1-416x98.jpg 416w, https:\/\/ubuabierta.fundacionubu.com\/wp-content\/uploads\/2023\/02\/cropped-Logo-UBUAbierta-1.jpg 644w\" sizes=\"(max-width: 300px) 100vw, 300px\" \/><\/p>\n","protected":false},"excerpt":{"rendered":"","protected":false},"featured_media":23609,"template":"","meta":[],"product_cat":[18],"product_tag":[],"acf":[],"_links":{"self":[{"href":"https:\/\/ubuabierta.fundacionubu.com\/index.php\/wp-json\/wp\/v2\/product\/27230"}],"collection":[{"href":"https:\/\/ubuabierta.fundacionubu.com\/index.php\/wp-json\/wp\/v2\/product"}],"about":[{"href":"https:\/\/ubuabierta.fundacionubu.com\/index.php\/wp-json\/wp\/v2\/types\/product"}],"wp:featuredmedia":[{"embeddable":true,"href":"https:\/\/ubuabierta.fundacionubu.com\/index.php\/wp-json\/wp\/v2\/media\/23609"}],"wp:attachment":[{"href":"https:\/\/ubuabierta.fundacionubu.com\/index.php\/wp-json\/wp\/v2\/media?parent=27230"}],"wp:term":[{"taxonomy":"product_cat","embeddable":true,"href":"https:\/\/ubuabierta.fundacionubu.com\/index.php\/wp-json\/wp\/v2\/product_cat?post=27230"},{"taxonomy":"product_tag","embeddable":true,"href":"https:\/\/ubuabierta.fundacionubu.com\/index.php\/wp-json\/wp\/v2\/product_tag?post=27230"}],"curies":[{"name":"wp","href":"https:\/\/api.w.org\/{rel}","templated":true}]}}