{"id":29060,"date":"2026-03-17T14:20:53","date_gmt":"2026-03-17T13:20:53","guid":{"rendered":"https:\/\/ubuabierta.fundacionubu.com\/?post_type=product&#038;p=29060"},"modified":"2026-03-17T14:21:21","modified_gmt":"2026-03-17T13:21:21","slug":"normativa-educativa-y-analisis-de-la-lomloe-especialidad-de-educacion-infantil-xvii-edicion","status":"publish","type":"product","link":"https:\/\/ubuabierta.fundacionubu.com\/index.php\/producto\/normativa-educativa-y-analisis-de-la-lomloe-especialidad-de-educacion-infantil-xvii-edicion\/","title":{"rendered":"Normativa Educativa y An\u00e1lisis de la LOMLOE. Especialidad de Educaci\u00f3n Infantil. XVII edici\u00f3n"},"content":{"rendered":"","protected":false},"excerpt":{"rendered":"<p><img loading=\"lazy\" class=\"alignnone wp-image-650\" src=\"https:\/\/ubuabierta.fundacionubu.com\/wp-content\/uploads\/2019\/05\/logo_abierta_inicio-300x105.jpg\" alt=\"\" width=\"317\" height=\"111\" srcset=\"https:\/\/ubuabierta.fundacionubu.com\/wp-content\/uploads\/2019\/05\/logo_abierta_inicio-300x105.jpg 300w, https:\/\/ubuabierta.fundacionubu.com\/wp-content\/uploads\/2019\/05\/logo_abierta_inicio-416x146.jpg 416w, https:\/\/ubuabierta.fundacionubu.com\/wp-content\/uploads\/2019\/05\/logo_abierta_inicio.jpg 468w\" sizes=\"(max-width: 317px) 100vw, 317px\" \/><\/p>\n","protected":false},"featured_media":15541,"template":"","meta":[],"product_cat":[18],"product_tag":[],"acf":[],"_links":{"self":[{"href":"https:\/\/ubuabierta.fundacionubu.com\/index.php\/wp-json\/wp\/v2\/product\/29060"}],"collection":[{"href":"https:\/\/ubuabierta.fundacionubu.com\/index.php\/wp-json\/wp\/v2\/product"}],"about":[{"href":"https:\/\/ubuabierta.fundacionubu.com\/index.php\/wp-json\/wp\/v2\/types\/product"}],"wp:featuredmedia":[{"embeddable":true,"href":"https:\/\/ubuabierta.fundacionubu.com\/index.php\/wp-json\/wp\/v2\/media\/15541"}],"wp:attachment":[{"href":"https:\/\/ubuabierta.fundacionubu.com\/index.php\/wp-json\/wp\/v2\/media?parent=29060"}],"wp:term":[{"taxonomy":"product_cat","embeddable":true,"href":"https:\/\/ubuabierta.fundacionubu.com\/index.php\/wp-json\/wp\/v2\/product_cat?post=29060"},{"taxonomy":"product_tag","embeddable":true,"href":"https:\/\/ubuabierta.fundacionubu.com\/index.php\/wp-json\/wp\/v2\/product_tag?post=29060"}],"curies":[{"name":"wp","href":"https:\/\/api.w.org\/{rel}","templated":true}]}}