{"id":29072,"date":"2026-03-19T12:54:23","date_gmt":"2026-03-19T11:54:23","guid":{"rendered":"https:\/\/ubuabierta.fundacionubu.com\/?post_type=product&#038;p=29072"},"modified":"2026-03-19T12:55:12","modified_gmt":"2026-03-19T11:55:12","slug":"metodologias-innovadoras-para-la-ensenanza-de-idiomas-extranjeros-iv-edicion","status":"publish","type":"product","link":"https:\/\/ubuabierta.fundacionubu.com\/index.php\/producto\/metodologias-innovadoras-para-la-ensenanza-de-idiomas-extranjeros-iv-edicion\/","title":{"rendered":"Metodolog\u00edas innovadoras para la ense\u00f1anza de idiomas extranjeros. IV edici\u00f3n"},"content":{"rendered":"","protected":false},"excerpt":{"rendered":"<p><img loading=\"lazy\" class=\"alignnone size-medium wp-image-17646\" src=\"https:\/\/ubuabierta.fundacionubu.com\/wp-content\/uploads\/2023\/02\/cropped-Logo-UBUAbierta-1-300x70.jpg\" alt=\"\" width=\"300\" height=\"70\" srcset=\"https:\/\/ubuabierta.fundacionubu.com\/wp-content\/uploads\/2023\/02\/cropped-Logo-UBUAbierta-1-300x70.jpg 300w, https:\/\/ubuabierta.fundacionubu.com\/wp-content\/uploads\/2023\/02\/cropped-Logo-UBUAbierta-1-416x98.jpg 416w, https:\/\/ubuabierta.fundacionubu.com\/wp-content\/uploads\/2023\/02\/cropped-Logo-UBUAbierta-1.jpg 644w\" sizes=\"(max-width: 300px) 100vw, 300px\" \/><\/p>\n","protected":false},"featured_media":24697,"template":"","meta":[],"product_cat":[18],"product_tag":[],"acf":[],"_links":{"self":[{"href":"https:\/\/ubuabierta.fundacionubu.com\/index.php\/wp-json\/wp\/v2\/product\/29072"}],"collection":[{"href":"https:\/\/ubuabierta.fundacionubu.com\/index.php\/wp-json\/wp\/v2\/product"}],"about":[{"href":"https:\/\/ubuabierta.fundacionubu.com\/index.php\/wp-json\/wp\/v2\/types\/product"}],"wp:featuredmedia":[{"embeddable":true,"href":"https:\/\/ubuabierta.fundacionubu.com\/index.php\/wp-json\/wp\/v2\/media\/24697"}],"wp:attachment":[{"href":"https:\/\/ubuabierta.fundacionubu.com\/index.php\/wp-json\/wp\/v2\/media?parent=29072"}],"wp:term":[{"taxonomy":"product_cat","embeddable":true,"href":"https:\/\/ubuabierta.fundacionubu.com\/index.php\/wp-json\/wp\/v2\/product_cat?post=29072"},{"taxonomy":"product_tag","embeddable":true,"href":"https:\/\/ubuabierta.fundacionubu.com\/index.php\/wp-json\/wp\/v2\/product_tag?post=29072"}],"curies":[{"name":"wp","href":"https:\/\/api.w.org\/{rel}","templated":true}]}}