{"id":29075,"date":"2026-03-19T12:55:58","date_gmt":"2026-03-19T11:55:58","guid":{"rendered":"https:\/\/ubuabierta.fundacionubu.com\/?post_type=product&#038;p=29075"},"modified":"2026-03-19T12:56:29","modified_gmt":"2026-03-19T11:56:29","slug":"matematicas-en-accion-desarrollando-mentes-en-educacion-infantil-y-primaria-vi-edicion","status":"publish","type":"product","link":"https:\/\/ubuabierta.fundacionubu.com\/index.php\/producto\/matematicas-en-accion-desarrollando-mentes-en-educacion-infantil-y-primaria-vi-edicion\/","title":{"rendered":"Matem\u00e1ticas en acci\u00f3n: desarrollando mentes en educaci\u00f3n infantil y primaria. VI edici\u00f3n"},"content":{"rendered":"","protected":false},"excerpt":{"rendered":"<p><img loading=\"lazy\" class=\"alignnone size-medium wp-image-17640\" src=\"https:\/\/ubuabierta.fundacionubu.com\/wp-content\/uploads\/2023\/02\/Logo-UBUAbierta-300x79.jpg\" alt=\"\" width=\"300\" height=\"79\" srcset=\"https:\/\/ubuabierta.fundacionubu.com\/wp-content\/uploads\/2023\/02\/Logo-UBUAbierta-300x79.jpg 300w, https:\/\/ubuabierta.fundacionubu.com\/wp-content\/uploads\/2023\/02\/Logo-UBUAbierta-416x109.jpg 416w, https:\/\/ubuabierta.fundacionubu.com\/wp-content\/uploads\/2023\/02\/Logo-UBUAbierta.jpg 644w\" sizes=\"(max-width: 300px) 100vw, 300px\" \/><\/p>\n","protected":false},"featured_media":19745,"template":"","meta":[],"product_cat":[18],"product_tag":[],"acf":[],"_links":{"self":[{"href":"https:\/\/ubuabierta.fundacionubu.com\/index.php\/wp-json\/wp\/v2\/product\/29075"}],"collection":[{"href":"https:\/\/ubuabierta.fundacionubu.com\/index.php\/wp-json\/wp\/v2\/product"}],"about":[{"href":"https:\/\/ubuabierta.fundacionubu.com\/index.php\/wp-json\/wp\/v2\/types\/product"}],"wp:featuredmedia":[{"embeddable":true,"href":"https:\/\/ubuabierta.fundacionubu.com\/index.php\/wp-json\/wp\/v2\/media\/19745"}],"wp:attachment":[{"href":"https:\/\/ubuabierta.fundacionubu.com\/index.php\/wp-json\/wp\/v2\/media?parent=29075"}],"wp:term":[{"taxonomy":"product_cat","embeddable":true,"href":"https:\/\/ubuabierta.fundacionubu.com\/index.php\/wp-json\/wp\/v2\/product_cat?post=29075"},{"taxonomy":"product_tag","embeddable":true,"href":"https:\/\/ubuabierta.fundacionubu.com\/index.php\/wp-json\/wp\/v2\/product_tag?post=29075"}],"curies":[{"name":"wp","href":"https:\/\/api.w.org\/{rel}","templated":true}]}}