{"id":29078,"date":"2026-03-19T12:58:21","date_gmt":"2026-03-19T11:58:21","guid":{"rendered":"https:\/\/ubuabierta.fundacionubu.com\/?post_type=product&#038;p=29078"},"modified":"2026-03-19T13:00:23","modified_gmt":"2026-03-19T12:00:23","slug":"introduccion-a-la-investigacion-con-rstudio-i-edicion","status":"publish","type":"product","link":"https:\/\/ubuabierta.fundacionubu.com\/index.php\/producto\/introduccion-a-la-investigacion-con-rstudio-i-edicion\/","title":{"rendered":"Introducci\u00f3n a la investigaci\u00f3n con Rstudio. I edici\u00f3n"},"content":{"rendered":"","protected":false},"excerpt":{"rendered":"<p><img loading=\"lazy\" class=\"alignnone size-medium wp-image-17640\" src=\"https:\/\/ubuabierta.fundacionubu.com\/wp-content\/uploads\/2023\/02\/Logo-UBUAbierta-300x79.jpg\" alt=\"\" width=\"300\" height=\"79\" srcset=\"https:\/\/ubuabierta.fundacionubu.com\/wp-content\/uploads\/2023\/02\/Logo-UBUAbierta-300x79.jpg 300w, https:\/\/ubuabierta.fundacionubu.com\/wp-content\/uploads\/2023\/02\/Logo-UBUAbierta-416x109.jpg 416w, https:\/\/ubuabierta.fundacionubu.com\/wp-content\/uploads\/2023\/02\/Logo-UBUAbierta.jpg 644w\" sizes=\"(max-width: 300px) 100vw, 300px\" \/><\/p>\n","protected":false},"featured_media":29081,"template":"","meta":[],"product_cat":[18],"product_tag":[],"acf":[],"_links":{"self":[{"href":"https:\/\/ubuabierta.fundacionubu.com\/index.php\/wp-json\/wp\/v2\/product\/29078"}],"collection":[{"href":"https:\/\/ubuabierta.fundacionubu.com\/index.php\/wp-json\/wp\/v2\/product"}],"about":[{"href":"https:\/\/ubuabierta.fundacionubu.com\/index.php\/wp-json\/wp\/v2\/types\/product"}],"wp:featuredmedia":[{"embeddable":true,"href":"https:\/\/ubuabierta.fundacionubu.com\/index.php\/wp-json\/wp\/v2\/media\/29081"}],"wp:attachment":[{"href":"https:\/\/ubuabierta.fundacionubu.com\/index.php\/wp-json\/wp\/v2\/media?parent=29078"}],"wp:term":[{"taxonomy":"product_cat","embeddable":true,"href":"https:\/\/ubuabierta.fundacionubu.com\/index.php\/wp-json\/wp\/v2\/product_cat?post=29078"},{"taxonomy":"product_tag","embeddable":true,"href":"https:\/\/ubuabierta.fundacionubu.com\/index.php\/wp-json\/wp\/v2\/product_tag?post=29078"}],"curies":[{"name":"wp","href":"https:\/\/api.w.org\/{rel}","templated":true}]}}